{"id":43379,"date":"2015-04-17T11:18:56","date_gmt":"2015-04-17T10:18:56","guid":{"rendered":"https:\/\/recercapau.org\/conflictos-armados\/"},"modified":"2024-09-17T17:29:31","modified_gmt":"2024-09-17T16:29:31","slug":"conflictos-armados","status":"publish","type":"page","link":"https:\/\/recercapau.org\/es\/mapamundi-de-los-derechos-humanos\/conflictos-armados\/","title":{"rendered":"Conflictos armados"},"content":{"rendered":"<table border=\"0px\" width=\"100%\">\n<tbody>\n<tr bgcolor=\"#E6E6E6\">\n<td valign=\"top\">\n<div id=\"attachment_5551\" style=\"width: 191px\" class=\"wp-caption aligncenter\"><a href=\"http:\/\/www.portalpaula.org\/wp-content\/uploads\/2015\/04\/Presencia-Espanya-a-missions-ONU-i-OTAN.bmp\"><img decoding=\"async\" aria-describedby=\"caption-attachment-5551\" class=\"wp-image-5551\" src=\"http:\/\/www.portalpaula.org\/wp-content\/uploads\/2015\/04\/Presencia-Espanya-a-missions-ONU-i-OTAN.bmp\" alt=\"Presencia Espanya a missions ONU i OTAN\" width=\"181\" height=\"150\" \/><\/a><p id=\"caption-attachment-5551\" class=\"wp-caption-text\">Presencia en misiones<\/p><\/div><\/td>\n<td valign=\"top\">\n<div id=\"attachment_5535\" style=\"width: 211px\" class=\"wp-caption aligncenter\"><a href=\"http:\/\/www.portalpaula.org\/wp-content\/uploads\/2015\/04\/Escenaris-de-conflictes-armats.bmp\"><img decoding=\"async\" aria-describedby=\"caption-attachment-5535\" class=\"wp-image-5535\" src=\"http:\/\/www.portalpaula.org\/wp-content\/uploads\/2015\/04\/Escenaris-de-conflictes-armats.bmp\" alt=\"Escenaris de conflictes armats\" width=\"201\" height=\"150\" \/><\/a><p id=\"caption-attachment-5535\" class=\"wp-caption-text\">Escenarios de conflictos<\/p><\/div><\/td>\n<td valign=\"top\">\n<div id=\"attachment_5559\" style=\"width: 253px\" class=\"wp-caption aligncenter\"><a href=\"http:\/\/www.portalpaula.org\/wp-content\/uploads\/2015\/04\/Presencia-militar-ONU.bmp\"><img decoding=\"async\" aria-describedby=\"caption-attachment-5559\" class=\"wp-image-5559\" src=\"http:\/\/www.portalpaula.org\/wp-content\/uploads\/2015\/04\/Presencia-militar-ONU.bmp\" alt=\"Presencia militar ONU\" width=\"243\" height=\"150\" \/><\/a><p id=\"caption-attachment-5559\" class=\"wp-caption-text\">Presencia militar de la ONU<\/p><\/div><\/td>\n<\/tr>\n<\/tbody>\n<\/table>\n<p>Desde Europa (Ucrania) pasando por \u00c1frica (Mal\u00ed, Rep\u00fablica Democr\u00e1tica del Congo&#8230;), Asia (Afganist\u00e1n), Oriente Pr\u00f3ximo (Israel, Palestina, Irak&#8230;) o Am\u00e9rica (Colombia&#8230;), <strong>se calcula que en el mundo hay cerca de cuarenta conflictos armados activos<\/strong>. En la mayor\u00eda de ellos, est\u00e1n presentes fuerzas militares extranjeras lideradas por pa\u00edses como Estados Unidos, Francia, Reino Unido, la Federaci\u00f3n Rusa&#8230;, as\u00ed como organismos internacionales como la ONU o la OTAN.<\/p>\n<p>En el marco de misiones lideradas por Naciones Unidas, <strong>Espa\u00f1a mantiene presencia militar en Hait\u00ed, L\u00edbano, Mal\u00ed y la Rep\u00fablica Centroafricana<\/strong>. Adem\u00e1s, ha participado en misiones de la OTAN en Afganist\u00e1n, Irak y Kuwait, y participa de las operaciones contra la pirater\u00eda en Somalia.<\/p>\n<p><strong>En los territorios afectados por conflictos armados, se producen todo tipo de vulneraciones de los derechos humanos de la poblaci\u00f3n civil<\/strong>: asesinatos, torturas, desplazamientos forzados&#8230; En general, se trata de lugares geoestrat\u00e9gicos en los que el control y acceso a recursos naturales, como las fuentes de energ\u00eda, el agua o los alimentos, son un factor clave en el conflicto.<\/p>\n<p>Asimismo, podemos observar c\u00f3mo <strong>la justicia internacional, aunque lentamente, empieza a funcionar<\/strong>, y se empiezan a condenar las actuaciones de miembros de grupos armados, gobernantes involucrados en cr\u00edmenes contra la humanidad, etc. Estos avances est\u00e1n siendo posibles gracias a la lucha de movimientos sociales locales e internacionales.<\/p>\n<table border=\"0px\" width=\"100%\">\n<tbody>\n<tr bgcolor=\"#E6E6E6\">\n<td valign=\"top\">\n<div id=\"attachment_5560\" style=\"width: 158px\" class=\"wp-caption aligncenter\"><a href=\"http:\/\/www.portalpaula.org\/wp-content\/uploads\/2015\/04\/Presencia-militar-OTAN.bmp\"><img decoding=\"async\" aria-describedby=\"caption-attachment-5560\" class=\"wp-image-5560\" src=\"http:\/\/www.portalpaula.org\/wp-content\/uploads\/2015\/04\/Presencia-militar-OTAN.bmp\" alt=\"Presencia militar OTAN\" width=\"148\" height=\"105\" \/><\/a><p id=\"caption-attachment-5560\" class=\"wp-caption-text\">Presencia militar de la OTAN<\/p><\/div><\/td>\n<td valign=\"top\">\n<div id=\"attachment_5562\" style=\"width: 148px\" class=\"wp-caption aligncenter\"><a href=\"http:\/\/www.portalpaula.org\/wp-content\/uploads\/2015\/04\/Violacions-dels-drets-humans.bmp\"><img decoding=\"async\" aria-describedby=\"caption-attachment-5562\" class=\"wp-image-5562\" src=\"http:\/\/www.portalpaula.org\/wp-content\/uploads\/2015\/04\/Violacions-dels-drets-humans.bmp\" alt=\"Violacions dels drets humans\" width=\"138\" height=\"105\" \/><\/a><p id=\"caption-attachment-5562\" class=\"wp-caption-text\">Violaciones de derechos<\/p><\/div><\/td>\n<td valign=\"top\">\n<div id=\"attachment_5564\" style=\"width: 164px\" class=\"wp-caption aligncenter\"><a href=\"http:\/\/www.portalpaula.org\/wp-content\/uploads\/2015\/04\/Interessos-en-el-control-i-acces-als-recursos-naturals.bmp\"><img decoding=\"async\" aria-describedby=\"caption-attachment-5564\" class=\"wp-image-5564\" src=\"http:\/\/www.portalpaula.org\/wp-content\/uploads\/2015\/04\/Interessos-en-el-control-i-acces-als-recursos-naturals.bmp\" alt=\"Interessos en el control i acces als recursos naturals\" width=\"154\" height=\"105\" \/><\/a><p id=\"caption-attachment-5564\" class=\"wp-caption-text\">Control y acceso a recursos<\/p><\/div><\/td>\n<td valign=\"top\">\n<div id=\"attachment_5567\" style=\"width: 159px\" class=\"wp-caption aligncenter\"><a href=\"http:\/\/www.portalpaula.org\/wp-content\/uploads\/2015\/04\/Justicia-Internacional.bmp\"><img decoding=\"async\" aria-describedby=\"caption-attachment-5567\" class=\"wp-image-5567\" src=\"http:\/\/www.portalpaula.org\/wp-content\/uploads\/2015\/04\/Justicia-Internacional.bmp\" alt=\"Justicia Internacional\" width=\"149\" height=\"105\" \/><\/a><p id=\"caption-attachment-5567\" class=\"wp-caption-text\">Justicia internacional<\/p><\/div><\/td>\n<\/tr>\n<\/tbody>\n<\/table>\n<h3><strong>C\u00f3mics<\/strong><\/h3>\n<ul>\n<li><em><a href=\"http:\/\/sinera.diba.cat\/record=b1544762~S171*cat\" target=\"_blank\" rel=\"noopener noreferrer\">Pers\u00e9polis<\/a><\/em>, de Marjane Satrapi<\/li>\n<li><em><a href=\"http:\/\/sinera.diba.cat\/record=b1562382~S171*cat\" target=\"_blank\" rel=\"noopener noreferrer\">La guerra del profesor Bertenev<\/a><\/em>, d&#8217;Alfonso Zapico<\/li>\n<li><em><a href=\"http:\/\/sinera.diba.cat\/record=b1535607~S171*cat\" target=\"_blank\" rel=\"noopener noreferrer\">El juego de las golondrinas<\/a><\/em>, de Zeina Abirached<\/li>\n<li><em><a href=\"http:\/\/sinera.diba.cat\/record=b1633540~S171*cat\" target=\"_blank\" rel=\"noopener noreferrer\">Una jud\u00eda americana perdida en Israel<\/a><\/em>, de Sara Glidden<\/li>\n<li><em><a href=\"http:\/\/sinera.diba.cat\/record=b1620117~S171*cat\" target=\"_blank\" rel=\"noopener noreferrer\">Pazlestina<\/a><\/em>, de Juan Kalvellido<\/li>\n<li><em><a href=\"http:\/\/sinera.diba.cat\/record=b1658151~S171*cat\" target=\"_blank\" rel=\"noopener noreferrer\">Cr\u00f3nicas de Jerusal\u00e9n<\/a><\/em>, de Guy Delisle<\/li>\n<li><em><a href=\"http:\/\/sinera.diba.cat\/record=b1324859~S171*cat\" target=\"_blank\" rel=\"noopener noreferrer\">Maus. Relato de un superviviente<\/a><\/em>, de Art Spiegelman<\/li>\n<\/ul>\n<h3><strong>Recursos pedag\u00f3gicos<\/strong><\/h3>\n<ul>\n<li><a href=\"https:\/\/www.yumpu.com\/es\/document\/view\/33964596\/descargar-intervida\" target=\"_blank\" rel=\"noopener noreferrer\">Caminos de paz<\/a> (Intervida)<\/li>\n<li><a href=\"http:\/\/www.cineddhh.org\/guias-didacticas\/buda-exploto-por-verguenza\/i-introduccion\/\" target=\"_blank\" rel=\"noopener noreferrer\">Buda explot\u00f3 por verg\u00fcenza<\/a> (El cine, el mundo y los derechos humanos; IPES Elkartea)<\/li>\n<li><a href=\"http:\/\/historic.edualter.org\/material\/amani\/index.html\" target=\"_blank\" rel=\"noopener noreferrer\">Burundi, qu\u00e8 significa amani?<\/a> (EduAlter y La Bretxa)<\/li>\n<\/ul>\n<h3><strong>Fuentes de informaci\u00f3n (siguiendo el orden de las im\u00e1genes)<\/strong><\/h3>\n<ul>\n<li><strong>Presencia de Espa\u00f1a en misiones de Naciones Unidas y de la OTAN<\/strong>\n<ul>\n<li><a href=\"https:\/\/www.defensa.gob.es\/misiones\/en_exterior\/\" target=\"_blank\" rel=\"noopener noreferrer\">Ministerio de Defensa<\/a><\/li>\n<\/ul>\n<\/li>\n<li><strong>Escenarios de conflictos armados<\/strong>\n<ul>\n<li><a href=\"http:\/\/observatori.org\/\" target=\"_blank\" rel=\"noopener noreferrer\">Observatorio Solidaridad <\/a><\/li>\n<li><a href=\"http:\/\/escolapau.uab.cat\/index.php?lang=es\" target=\"_blank\" rel=\"noopener noreferrer\">Escuela de Cultura de Paz<\/a><\/li>\n<\/ul>\n<\/li>\n<li><strong>Presencia militar de Naciones Unidas<\/strong>\n<ul>\n<li><a href=\"https:\/\/peacekeeping.un.org\/es\/where-we-operate\" target=\"_blank\" rel=\"noopener noreferrer\">Misiones de Naciones Unidas <\/a><\/li>\n<\/ul>\n<\/li>\n<li><strong>Presencia militar de la OTAN<\/strong>\n<ul>\n<li><a href=\"https:\/\/www.nato.int\/nato-on-the-map\/#lat=51.72673918960763&amp;lon=4.84911701440904&amp;zoom=0\" target=\"_blank\" rel=\"noopener noreferrer\">NATO on duty <\/a><\/li>\n<\/ul>\n<\/li>\n<li><strong>Violaciones de los derechos humanos<\/strong>\n<ul>\n<li><a href=\"https:\/\/www.ohchr.org\/es\/ohchr_homepage\" target=\"_blank\" rel=\"noopener noreferrer\">Oficina del Alto Comisionado de Naciones Unidas por los Derechos Humanos<\/a><\/li>\n<li><a href=\"http:\/\/www.es.amnesty.org\/index.php\" target=\"_blank\" rel=\"noopener noreferrer\">Amnist\u00eda Internacional <\/a><\/li>\n<li><a href=\"http:\/\/www.olca.cl\/oca\/index.htm\" target=\"_blank\" rel=\"noopener noreferrer\">Observatorio Latinoamericano de conflictos ambientales (OLCA) <\/a><\/li>\n<\/ul>\n<\/li>\n<li><strong>Intereses en el control y acceso a los recursos naturales<\/strong>\n<ul>\n<li><a href=\"http:\/\/observatori.org\/\" target=\"_blank\" rel=\"noopener noreferrer\">Observatorio Solidaridad<\/a><\/li>\n<li><a href=\"https:\/\/www.ohchr.org\/es\/ohchr_homepage\" target=\"_blank\" rel=\"noopener noreferrer\">Oficina del Alto Comisionado de Naciones Unidas por los Derechos Humanos<\/a><\/li>\n<li><a href=\"https:\/\/www.ohchr.org\/es\/special-procedures\/sr-food\" target=\"_blank\" rel=\"noopener noreferrer\">Relator Especial sobre el derecho a la alimentaci\u00f3n <\/a><\/li>\n<\/ul>\n<\/li>\n<li><strong>Justicia internacional<\/strong>\n<ul>\n<li><a href=\"https:\/\/www.icc-cpi.int\/\" target=\"_blank\" rel=\"noopener noreferrer\">Corte Penal Internacional <\/a><\/li>\n<li><a href=\"http:\/\/www.rscsl.org\/\" target=\"_blank\" rel=\"noopener noreferrer\">Tribunal Especial de Justicia por Sierra Leone<\/a><\/li>\n<li><a href=\"http:\/\/cnca-rcrce.ca\/\" target=\"_blank\" rel=\"noopener noreferrer\">Canadian Network on Corporate Accountability <\/a><\/li>\n<\/ul>\n<\/li>\n<\/ul>\n","protected":false},"excerpt":{"rendered":"<p>Desde Europa (Ucrania) pasando por \u00c1frica (Mal\u00ed, Rep\u00fablica Democr\u00e1tica del<\/p>\n","protected":false},"author":1,"featured_media":0,"parent":43360,"menu_order":0,"comment_status":"closed","ping_status":"closed","template":"","meta":{"footnotes":""},"class_list":["post-43379","page","type-page","status-publish","hentry"],"_links":{"self":[{"href":"https:\/\/recercapau.org\/es\/wp-json\/wp\/v2\/pages\/43379","targetHints":{"allow":["GET"]}}],"collection":[{"href":"https:\/\/recercapau.org\/es\/wp-json\/wp\/v2\/pages"}],"about":[{"href":"https:\/\/recercapau.org\/es\/wp-json\/wp\/v2\/types\/page"}],"author":[{"embeddable":true,"href":"https:\/\/recercapau.org\/es\/wp-json\/wp\/v2\/users\/1"}],"replies":[{"embeddable":true,"href":"https:\/\/recercapau.org\/es\/wp-json\/wp\/v2\/comments?post=43379"}],"version-history":[{"count":1,"href":"https:\/\/recercapau.org\/es\/wp-json\/wp\/v2\/pages\/43379\/revisions"}],"predecessor-version":[{"id":50433,"href":"https:\/\/recercapau.org\/es\/wp-json\/wp\/v2\/pages\/43379\/revisions\/50433"}],"up":[{"embeddable":true,"href":"https:\/\/recercapau.org\/es\/wp-json\/wp\/v2\/pages\/43360"}],"wp:attachment":[{"href":"https:\/\/recercapau.org\/es\/wp-json\/wp\/v2\/media?parent=43379"}],"curies":[{"name":"wp","href":"https:\/\/api.w.org\/{rel}","templated":true}]}}