{"id":43362,"date":"2015-01-25T17:52:13","date_gmt":"2015-01-25T16:52:13","guid":{"rendered":"https:\/\/recercapau.org\/propuestas-para-el-aula\/"},"modified":"2025-07-23T11:29:23","modified_gmt":"2025-07-23T10:29:23","slug":"propuestas-aula","status":"publish","type":"page","link":"https:\/\/recercapau.org\/es\/propuestas-aula\/","title":{"rendered":"Propuestas para el aula"},"content":{"rendered":"<p>Propuestas de trabajo en el aula para la educaci\u00f3n en el desarrollo sostenible, la educaci\u00f3n en derechos humanos y la educaci\u00f3n para la ciudadan\u00eda global.<br \/>\n<div class=\"wk-scope\">\n\n    <div id=\"wk-gridd2c\" class=\"wk-child-width-1-1 wk-child-width-1-1@s wk-child-width-1-4@m wk-child-width-1-4@l wk-child-width-1-4@xl wk-grid-match wk-text-center \" wk-height-match=\"target: &gt; div &gt; .wk-panel, &gt; div &gt; .wk-card; row: true\" wk-grid >\n\n    \n        <div >\n            <div class=\"wk-card wk-card-hover\">\n\n                \n                \n                                <div class=\"wk-text-center wk-card-media-top\"><div class=\"wk-inline-clip wk-transition-toggle \"><img decoding=\"async\" src=\"\/wp-content\/uploads\/2016\/07\/mapamundi.png\" class=\" wk-transition-scale-up wk-transition-opaque\" alt=\"Mapamundi dels Drets Humans\"><div class=\"wk-overlay-primary wk-position-cover wk-transition-fade\"><div class=\"wk-position-center\"><span class=\"\" wk-overlay-icon><\/span><\/div><\/div><a class=\"wk-position-cover\" href=\"http:\/\/recercapau.org\/mapamundi-drets-humans\/\" title=\"Mapamundi dels Drets Humans\"><\/a><\/div><\/div>\n                \n                \n                                        <div class=\"wk-card-body\">\n                    \n                        \n                                                <h3 class=\"wk-h3 wk-margin-remove-top\">\n\n                                                            <a class=\"wk-link-reset\" href=\"http:\/\/recercapau.org\/mapamundi-drets-humans\/\">Mapamundi dels Drets Humans<\/a>\n                            \n                            \n                        <\/h3>\n                        \n                        \n                        \n                        \n                        \n                        \n                                        <\/div>\n                    \n                \n            <\/div>\n        <\/div>\n\n    \n        <div >\n            <div class=\"wk-card wk-card-hover\">\n\n                \n                \n                                <div class=\"wk-text-center wk-card-media-top\"><div class=\"wk-inline-clip wk-transition-toggle \"><img decoding=\"async\" src=\"\/wp-content\/uploads\/2017\/05\/proposta-aula-refugi.jpg\" class=\" wk-transition-scale-up wk-transition-opaque\" alt=\"Conflicto de Siria y crisis del refugio (2018)\"><div class=\"wk-overlay-primary wk-position-cover wk-transition-fade\"><div class=\"wk-position-center\"><span class=\"\" wk-overlay-icon><\/span><\/div><\/div><a class=\"wk-position-cover\" href=\"http:\/\/recercapau.org\/crisi-refugi\/\" title=\"Conflicto de Siria y crisis del refugio (2018)\"><\/a><\/div><\/div>\n                \n                \n                                        <div class=\"wk-card-body\">\n                    \n                        \n                                                <h3 class=\"wk-h3 wk-margin-remove-top\">\n\n                                                            <a class=\"wk-link-reset\" href=\"http:\/\/recercapau.org\/crisi-refugi\/\">Conflicto de Siria y crisis del refugio (2018)<\/a>\n                            \n                            \n                        <\/h3>\n                        \n                        \n                        \n                        \n                        \n                        \n                                        <\/div>\n                    \n                \n            <\/div>\n        <\/div>\n\n    \n        <div >\n            <div class=\"wk-card wk-card-hover\">\n\n                \n                \n                                <div class=\"wk-text-center wk-card-media-top\"><div class=\"wk-inline-clip wk-transition-toggle \"><img decoding=\"async\" src=\"\/wp-content\/uploads\/2017\/11\/proposta-aula-dret-asil.jpg\" class=\" wk-transition-scale-up wk-transition-opaque\" alt=\"Acci\u00f3n educativa para el derecho de asilo (2017)\"><div class=\"wk-overlay-primary wk-position-cover wk-transition-fade\"><div class=\"wk-position-center\"><span class=\"\" wk-overlay-icon><\/span><\/div><\/div><a class=\"wk-position-cover\" href=\"http:\/\/recercapau.org\/accion-educativa-derecho-asilo\/\" title=\"Acci\u00f3n educativa para el derecho de asilo (2017)\"><\/a><\/div><\/div>\n                \n                \n                                        <div class=\"wk-card-body\">\n                    \n                        \n                                                <h3 class=\"wk-h3 wk-margin-remove-top\">\n\n                                                            <a class=\"wk-link-reset\" href=\"http:\/\/recercapau.org\/accion-educativa-derecho-asilo\/\">Acci\u00f3n educativa para el derecho de asilo (2017)<\/a>\n                            \n                            \n                        <\/h3>\n                        \n                        \n                        \n                        \n                        \n                        \n                                        <\/div>\n                    \n                \n            <\/div>\n        <\/div>\n\n    \n        <div >\n            <div class=\"wk-card wk-card-hover\">\n\n                \n                \n                                <div class=\"wk-text-center wk-card-media-top\"><div class=\"wk-inline-clip wk-transition-toggle \"><img decoding=\"async\" src=\"\/wp-content\/uploads\/2016\/07\/descampados-electronicos-residuos.jpg\" class=\" wk-transition-scale-up wk-transition-opaque\" alt=\"Descampados electr\u00f3nicos (2016)\"><div class=\"wk-overlay-primary wk-position-cover wk-transition-fade\"><div class=\"wk-position-center\"><span class=\"\" wk-overlay-icon><\/span><\/div><\/div><a class=\"wk-position-cover\" href=\"https:\/\/recercapau.org\/es\/propuestas-para-el-aula\/descampados-electronicos\/\" title=\"Descampados electr\u00f3nicos (2016)\"><\/a><\/div><\/div>\n                \n                \n                                        <div class=\"wk-card-body\">\n                    \n                        \n                                                <h3 class=\"wk-h3 wk-margin-remove-top\">\n\n                                                            <a class=\"wk-link-reset\" href=\"https:\/\/recercapau.org\/es\/propuestas-para-el-aula\/descampados-electronicos\/\">Descampados electr\u00f3nicos (2016)<\/a>\n                            \n                            \n                        <\/h3>\n                        \n                        \n                        \n                        \n                        \n                        \n                                        <\/div>\n                    \n                \n            <\/div>\n        <\/div>\n\n    \n    <\/div>\n\n<\/div>\n","protected":false},"excerpt":{"rendered":"<p>Propuestas de trabajo en el aula para la educaci\u00f3n en<\/p>\n","protected":false},"author":1,"featured_media":0,"parent":0,"menu_order":0,"comment_status":"closed","ping_status":"closed","template":"","meta":{"footnotes":""},"class_list":["post-43362","page","type-page","status-publish","hentry"],"_links":{"self":[{"href":"https:\/\/recercapau.org\/es\/wp-json\/wp\/v2\/pages\/43362","targetHints":{"allow":["GET"]}}],"collection":[{"href":"https:\/\/recercapau.org\/es\/wp-json\/wp\/v2\/pages"}],"about":[{"href":"https:\/\/recercapau.org\/es\/wp-json\/wp\/v2\/types\/page"}],"author":[{"embeddable":true,"href":"https:\/\/recercapau.org\/es\/wp-json\/wp\/v2\/users\/1"}],"replies":[{"embeddable":true,"href":"https:\/\/recercapau.org\/es\/wp-json\/wp\/v2\/comments?post=43362"}],"version-history":[{"count":2,"href":"https:\/\/recercapau.org\/es\/wp-json\/wp\/v2\/pages\/43362\/revisions"}],"predecessor-version":[{"id":52740,"href":"https:\/\/recercapau.org\/es\/wp-json\/wp\/v2\/pages\/43362\/revisions\/52740"}],"wp:attachment":[{"href":"https:\/\/recercapau.org\/es\/wp-json\/wp\/v2\/media?parent=43362"}],"curies":[{"name":"wp","href":"https:\/\/api.w.org\/{rel}","templated":true}]}}