{"id":43328,"date":"2014-05-28T10:34:23","date_gmt":"2014-05-28T09:34:23","guid":{"rendered":"https:\/\/recercapau.org\/imaginamos-historias\/"},"modified":"2025-07-23T11:24:09","modified_gmt":"2025-07-23T10:24:09","slug":"imaginamos-historias","status":"publish","type":"page","link":"https:\/\/recercapau.org\/es\/propuestas-aula\/que-entendemos-por-mundo-musulman\/actividades\/imaginamos-historias\/","title":{"rendered":"Imaginamos historias"},"content":{"rendered":"<p style=\"text-align: justify;\"><div class=\"su-note\"  style=\"border-color:#df964c;border-radius:3px;-moz-border-radius:3px;-webkit-border-radius:3px;\"><div class=\"su-note-inner su-u-clearfix su-u-trim\" style=\"background-color:#f9b066;border-color:#ffffff;color:#333333;border-radius:3px;-moz-border-radius:3px;-webkit-border-radius:3px;\">Propuesta did\u00e1ctica dirigida al ciclo superior de primaria para favorecer la actitud cr\u00edtica ante los estereotipos y los prejuicios. <\/div><\/div><!--more--><\/p>\n<p style=\"text-align: justify;\">La actividad nos llevar\u00e1 a reflexionar sobre c\u00f3mo los estereotipos sociales fomentan prejuicios determinados y a ver en qu\u00e9 medida interviene aquello que perciban como diferente.<\/p>\n<p style=\"text-align: justify;\">Las im\u00e1genes evocar\u00e1n los estereotipos y las historias inventadas evocar\u00e1n los prejuicios.<\/p>\n<h3 style=\"text-align: justify;\"><span style=\"color: #ff6600;\">Propuesta de trabajo:<\/span><\/h3>\n<p style=\"text-align: justify;\"><div class=\"su-tabs su-tabs-style-default su-tabs-mobile-stack\" data-active=\"1\" data-scroll-offset=\"0\" data-anchor-in-url=\"no\"><div class=\"su-tabs-nav\"><span class=\"\" data-url=\"\" data-target=\"blank\" tabindex=\"0\" role=\"button\"><strong>Descripci\u00f3n de la actividad<\/strong><\/span><span class=\"\" data-url=\"\" data-target=\"blank\" tabindex=\"0\" role=\"button\"><strong>Proceso<\/strong><\/span><span class=\"\" data-url=\"\" data-target=\"blank\" tabindex=\"0\" role=\"button\"><strong>Propuesta para cerrar la actividad<\/strong><\/span><span class=\"\" data-url=\"\" data-target=\"blank\" tabindex=\"0\" role=\"button\"><strong>Recursos necesarios<\/strong><\/span><\/div><div class=\"su-tabs-panes\"><div class=\"su-tabs-pane su-u-clearfix su-u-trim\" data-title=\"&lt;strong&gt;Descripci\u00f3n de la actividad&lt;\/strong&gt;\">A partir de diferentes fotograf\u00edas de personas musulmanas en varios contextos y situaciones, el alumnado imaginar\u00e1 y construir\u00e1, en grupo, historias sobre la vida cotidiana de estas personas. El an\u00e1lisis de estas historias en relaci\u00f3n a su realidad invitar\u00e1 a la reflexi\u00f3n sobre qu\u00e9 estereotipos y prejuicios les pueden haber influido, y c\u00f3mo las ideas preconcebidas que podamos tener sobre determinadas personas o colectivos determinan nuestra manera de mirar y relacionarnos. Esta actividad servir\u00e1 tambi\u00e9n para trabajar los conceptos de semejanzas y diferencias e identificar aquello m\u00e1s pr\u00f3ximo o lejano a nuestra realidad. <\/div>\n<div class=\"su-tabs-pane su-u-clearfix su-u-trim\" data-title=\"&lt;strong&gt;Proceso&lt;\/strong&gt;\">\n<p style=\"text-align: justify;\">El educador\/a introduce brevemente la actividad. Puede orientar a los alumnos dando pautas sobre c\u00f3mo pueden hacer sus aportaciones a la hora de crear las historias (d\u00f3nde han nacido, d\u00f3nde viven, qu\u00e9 hacen desde que se levantan, qu\u00e9 comen, c\u00f3mo visten, en qu\u00e9 trabajan, qu\u00e9 les hace ilusi\u00f3n, qu\u00e9 les gusta hacer, qu\u00e9 les hace felices&#8230;).<\/p>\n<p style=\"text-align: justify;\">Se organizan los alumnos de forma que todos se puedan escuchar y ver.<\/p>\n<p style=\"text-align: justify;\">El educador\/a presenta una fotograf\u00eda y la ense\u00f1a a los alumnos empezando a inventar una historia: \u00abMe llamo ______ y vivo en ______\u00bb y la deja en un lugar visible para que los alumnos puedan ir continuando la historia, de forma que entre todos\/as se va construyendo una historia que refleja c\u00f3mo nos imaginamos su vida cotidiana. El educador\/a ir\u00e1 apuntando las ideas principales que van definiendo la historia. Se puede utilizar el mismo procedimiento con diferentes fotograf\u00edas.<\/p>\n<p style=\"text-align: justify;\">La puesta en com\u00fan de las historias de estas fotograf\u00edas ayudar\u00e1 a reflexionar sobre c\u00f3mo la apariencia y las ideas preconcebidas que podamos tener sobre determinados colectivos influyen en nuestra manera de mirarlos. Tambi\u00e9n ayuda a tomar conciencia sobre los sentimientos que despiertan las personas por su apariencia, por el valor que a \u00e9sta se otorga socialmente y en qu\u00e9 medida podemos identificar sensaciones de proximidad o lejan\u00eda. La proximidad nos llevar\u00e1 a descubrir aspectos de igualdad y la lejan\u00eda, aspectos de diferencia.<\/p>\n<p style=\"text-align: justify;\">Al finalizar las historias, el educador\/a revela la historia real de la persona de la fotograf\u00eda. Se puede reforzar contextualiz\u00e1ndola en el mapamundi. El educador\/a puede apuntar las diferencias entre la historia real y la inventada, animando a la participaci\u00f3n de los alumnos. Este an\u00e1lisis puede servir para hacer una reflexi\u00f3n grupal sobre el tipo de informaci\u00f3n de las historias inventadas y los posibles prejuicios o estereotipos que pueden haber influido a la hora de inventar la vida de cada personaje. Se puede abrir el debate analizando en qu\u00e9 casos las historias inventadas han sido muy diferentes de la realidad. Se pueden comentar y tratar de definir cu\u00e1les pueden haber sido los motivos que nos han llevado a identificar a aquella persona de determinada manera o con determinadas acciones. Estos motivos pueden dar pie a elaborar un listado de estereotipos sociales y su an\u00e1lisis: como nos llegan (pel\u00edculas, cuentos, TV&#8230;), qu\u00e9 nos transmiten&#8230;<\/p>\n<p style=\"text-align: justify;\"><strong>Cuestiones que pueden ayudar a la reflexi\u00f3n<\/strong><\/p>\n<p style=\"text-align: justify;\">\u00a0\u00bfQu\u00e9 es un estereotipo? <a href=\"http:\/\/dle.rae.es\/?id=GqSjqfE\">Diccionario de la Real Academia Espa\u00f1ola<\/a><\/p>\n<p style=\"text-align: justify;\">\u00bfY un prejuicio? <a href=\"http:\/\/lema.rae.es\/drae\/?val=prejuicio\">Diccionario de la Real Academia Espa\u00f1ola<\/a><\/p>\n<p style=\"text-align: justify;\">\u00bfAlguno de los siguientes estereotipos son ciertos?<\/p>\n<div style=\"text-align: justify;\">&#8211; Los gitanos son ladrones<\/div>\n<div style=\"text-align: justify;\">&#8211; Los catalanes son taca\u00f1os<\/div>\n<div style=\"text-align: justify;\">&#8211; Los marroqu\u00edes son sucios<\/div>\n<div style=\"text-align: justify;\">&#8211; Los musulmanes son fundamentalistas<\/div>\n<div style=\"text-align: justify;\">&#8211; Los cristianos son sucios (seg\u00fan los \u00e1rabes, porque los cruzados iban muy sucios)<\/div>\n<div style=\"text-align: justify;\">&#8211; Los ingleses son arrogantes<\/div>\n<div style=\"text-align: justify;\">&#8211; Los \u00e1rabes son violentos<\/div>\n<div style=\"text-align: justify;\">&#8211; Los jud\u00edos son avaros<\/div>\n<div style=\"text-align: justify;\">&#8211; Los franceses son unos estirados<\/div>\n<div style=\"text-align: justify;\">&#8230;<\/div>\n<p style=\"text-align: justify;\">\u00a0\u00bfQu\u00e9 otros estereotipos se conocen sobre alg\u00fan colectivo concreto?<\/p>\n<p style=\"text-align: justify;\">\u00bfLos prejuicios y estereotipos nos ayudan a relacionarnos mejor con las personas? \u00bfPor qu\u00e9?<\/p>\n<p style=\"text-align: justify;\">\u00bfUn estereotipo puede inducir a la discriminaci\u00f3n? Explicar un ejemplo.<\/p>\n<p style=\"text-align: justify;\">\u00bfEs justo juzgar a una persona sin conocerla dej\u00e1ndose llevar por prejuicios y estereotipos? \u00bfPuede esto provocar situaciones injustas? \u00bfC\u00f3mo pens\u00e1is que puede afectar a las personas que las sufren?<\/p>\n<p style=\"text-align: justify;\"><\/div>\n<div class=\"su-tabs-pane su-u-clearfix su-u-trim\" data-title=\"&lt;strong&gt;Propuesta para cerrar la actividad&lt;\/strong&gt;\">Para cerrar la actividad y pensando que se ir\u00e1 realizando con posterioridad, se puede proponer que el alumnado busque refranes, vi\u00f1etas y dichos populares relacionados con estereotipos. Cuando se tenga suficiente material, pueden elaborar un mural poniendo un t\u00edtulo y reuniendo las frases y las vi\u00f1etas encontradas, cambiando los sujetos, a\u00f1adiendo alg\u00fan comentario, ilustraciones\u2026 <\/div>\n<div class=\"su-tabs-pane su-u-clearfix su-u-trim\" data-title=\"&lt;strong&gt;Recursos necesarios&lt;\/strong&gt;\">\n<p><a href=\"http:\/\/www.portalpaula.org\/wp-content\/uploads\/2014\/05\/fotoislamcasb.pdf\">Fotograf\u00edas de personas musulmanas<\/a><\/p>\n<p><a href=\"http:\/\/www.portalpaula.org\/wp-content\/uploads\/2014\/05\/fotoidentitatcasb.pdf\">Tabla que recoge la informaci\u00f3n de las diferentes fotograf\u00edas<\/a><\/p>\n<p style=\"text-align: justify;\"><\/div><\/div><\/div>\n<p style=\"text-align: justify;\">\n","protected":false},"excerpt":{"rendered":"","protected":false},"author":1,"featured_media":0,"parent":43678,"menu_order":0,"comment_status":"closed","ping_status":"closed","template":"","meta":{"footnotes":""},"class_list":["post-43328","page","type-page","status-publish","hentry"],"_links":{"self":[{"href":"https:\/\/recercapau.org\/es\/wp-json\/wp\/v2\/pages\/43328","targetHints":{"allow":["GET"]}}],"collection":[{"href":"https:\/\/recercapau.org\/es\/wp-json\/wp\/v2\/pages"}],"about":[{"href":"https:\/\/recercapau.org\/es\/wp-json\/wp\/v2\/types\/page"}],"author":[{"embeddable":true,"href":"https:\/\/recercapau.org\/es\/wp-json\/wp\/v2\/users\/1"}],"replies":[{"embeddable":true,"href":"https:\/\/recercapau.org\/es\/wp-json\/wp\/v2\/comments?post=43328"}],"version-history":[{"count":2,"href":"https:\/\/recercapau.org\/es\/wp-json\/wp\/v2\/pages\/43328\/revisions"}],"predecessor-version":[{"id":52738,"href":"https:\/\/recercapau.org\/es\/wp-json\/wp\/v2\/pages\/43328\/revisions\/52738"}],"up":[{"embeddable":true,"href":"https:\/\/recercapau.org\/es\/wp-json\/wp\/v2\/pages\/43678"}],"wp:attachment":[{"href":"https:\/\/recercapau.org\/es\/wp-json\/wp\/v2\/media?parent=43328"}],"curies":[{"name":"wp","href":"https:\/\/api.w.org\/{rel}","templated":true}]}}