{"id":43326,"date":"2014-05-28T09:50:23","date_gmt":"2014-05-28T08:50:23","guid":{"rendered":"https:\/\/recercapau.org\/que-entendemos-por-mundo-musulman-2008\/"},"modified":"2025-07-23T11:27:34","modified_gmt":"2025-07-23T10:27:34","slug":"que-entendemos-por-mundo-musulman","status":"publish","type":"page","link":"https:\/\/recercapau.org\/es\/propuestas-aula\/que-entendemos-por-mundo-musulman\/","title":{"rendered":"\u00bfQu\u00e9 entendemos por mundo musulm\u00e1n? (2008)"},"content":{"rendered":"<p style=\"text-align: justify;\"><div class=\"su-row\">\n<div class=\"su-column su-column-size-1-2\"><div class=\"su-column-inner su-u-clearfix su-u-trim\"><strong>Esta propuesta se dirige al alumnado del ciclo superior de primaria y est\u00e1 orientada a reflexionar sobre los estereotipos y prejuicios hacia\u00a0la comunidad musulmana\u00a0para descubrir c\u00f3mo pueden condicionar nuestras expectativas sobre las personas y nuestra manera de relacionarnos con ellas.\u00a0<\/strong><\/p>\n<p style=\"text-align: justify;\">El alumnado aprende de su entorno, de la familia, de los medios de comunicaci\u00f3n\u2026 y muy especialmente, de sus vivencias y de las vivencias de las personas m\u00e1s pr\u00f3ximas. Los cambios sociales que est\u00e1 experimentando nuestra sociedad provocan diferentes maneras de vivir y de afrontar el cambio. Pero tambi\u00e9n provocan diferentes maneras de entender cu\u00e1les han de ser los retos.<\/p>\n<p style=\"text-align: justify;\">Desde la educaci\u00f3n para la paz, entendemos que los retos han de ir dirigidos a construir una cultura de paz que, entre otras cuestiones, permita afrontar de manera positiva la convivencia social. La construcci\u00f3n de esta nueva sociedad empieza por el cultivo del respeto al otro y de la dignidad humana (en contra de todo tipo de violencia) que nos ha de llevar a vivir la igualdad.<\/div><\/div>\n<div class=\"su-column su-column-size-1-2\"><div class=\"su-column-inner su-u-clearfix su-u-trim\">\n<p style=\"text-align: justify;\">A veces, y sobre todo en el tema que ahora nos ocupa, el islam, algunas personas rechazan a quienes no comparten sus ideas o tienen otra forma de vivir, pensar, vestir o de hacer las cosas y, a menudo, en este rechazo hay una gran dosis de etnocentrismo y pasividad. Este hecho provoca conflictos y problemas de convivencia. Estas actitudes se ven reforzadas por el hecho que las informaciones, homogeneizadas y simplistas, que recibimos a trav\u00e9s de los medios de comunicaci\u00f3n, los comentarios de los dem\u00e1s, lo que vemos en las pel\u00edculas, etc. nos influyen a la hora de formarnos ideas previas sobre determinadas personas o colectivos.<\/p>\n<p style=\"text-align: justify;\">En nuestros d\u00edas, los movimientos migratorios hacen que individuos de diferentes creencias, formas de vida etc. compartan territorios comunes, provocando situaciones nuevas y complejas que pueden dar lugar a conflictos. Esta propuesta se orienta, pues, a reflexionar sobre los estereotipos y prejuicios para descubrir c\u00f3mo pueden condicionar nuestras expectativas sobre las personas y nuestra manera de relacionarnos. Las actividades se tendr\u00e1n que adaptar a las particularidades de cada grupo, especialmente a su heterogeneidad cultural.<\/p>\n<p style=\"text-align: justify;\"><\/div><\/div>\n<\/div>\n<hr \/>\n<hr \/>\n<h3 style=\"text-align: justify;\"><span style=\"color: #ff6600;\">Otras propuestas para el aula<\/span><\/h3>\n<div class=\"wk-scope\">\n<div class=\" \" wk-slider=\"sets: true; autoplay: true ; autoplay-interval: 5000\">\n\n    \n    <div class=\"wk-position-relative wk-visible-toggle wk-margin\">\n\n        <ul class=\"wk-slider-items wk-grid wk-grid-match wk-child-width-1-1 wk-child-width-1-1@s wk-child-width-1-4@m wk-child-width-1-4@l wk-child-width-1-4@xl\">\n        \n            <li >\n\n                <div class=\"wk-panel wk-text-center\">\n\n                    \n                    \n                                        <div class=\"wk-text-center wk-margin wk-margin-remove-top\"><div class=\"wk-inline-clip wk-transition-toggle wk-border-rounded\"><img decoding=\"async\" src=\"\/wp-content\/uploads\/2016\/07\/mapamundi.png\" class=\"wk-border-rounded wk-transition-scale-up wk-transition-opaque\" alt=\"Mapamundi dels Drets Humans\"><div class=\"wk-overlay-primary wk-position-cover wk-transition-fade\"><div class=\"wk-position-center\"><span class=\"\" wk-overlay-icon><\/span><\/div><\/div><a class=\"wk-position-cover\" href=\"https:\/\/recercapau.org\/mapamundi-drets-humans\/\" title=\"https:\/\/recercapau.org\/mapamundi-drets-humans\/\"><\/a><\/div><\/div>\n                    \n                    \n                        \n                                                <h3 class=\"wk-h3 wk-margin-remove-top\">\n\n                                                            <a class=\"wk-link-reset\" href=\"https:\/\/recercapau.org\/mapamundi-drets-humans\/\">Mapamundi dels Drets Humans<\/a>\n                            \n                            \n                        <\/h3>\n                        \n                        \n                        \n                        \n                        \n                        \n                    \n                <\/div>\n\n            <\/li>\n\n        \n            <li >\n\n                <div class=\"wk-panel wk-text-center\">\n\n                    \n                    \n                                        <div class=\"wk-text-center wk-margin wk-margin-remove-top\"><div class=\"wk-inline-clip wk-transition-toggle wk-border-rounded\"><img decoding=\"async\" src=\"\/wp-content\/uploads\/2017\/05\/proposta-aula-refugi.jpg\" class=\"wk-border-rounded wk-transition-scale-up wk-transition-opaque\" alt=\"Conflicto de Siria y crisis del refugio (2018)\"><div class=\"wk-overlay-primary wk-position-cover wk-transition-fade\"><div class=\"wk-position-center\"><span class=\"\" wk-overlay-icon><\/span><\/div><\/div><a class=\"wk-position-cover\" href=\"https:\/\/recercapau.org\/crisi-refugi\/\" title=\"https:\/\/recercapau.org\/crisi-refugi\/\"><\/a><\/div><\/div>\n                    \n                    \n                        \n                                                <h3 class=\"wk-h3 wk-margin-remove-top\">\n\n                                                            <a class=\"wk-link-reset\" href=\"https:\/\/recercapau.org\/crisi-refugi\/\">Conflicto de Siria y crisis del refugio (2018)<\/a>\n                            \n                            \n                        <\/h3>\n                        \n                        \n                        \n                        \n                        \n                        \n                    \n                <\/div>\n\n            <\/li>\n\n        \n            <li >\n\n                <div class=\"wk-panel wk-text-center\">\n\n                    \n                    \n                                        <div class=\"wk-text-center wk-margin wk-margin-remove-top\"><div class=\"wk-inline-clip wk-transition-toggle wk-border-rounded\"><img decoding=\"async\" src=\"\/wp-content\/uploads\/2017\/11\/proposta-aula-dret-asil.jpg\" class=\"wk-border-rounded wk-transition-scale-up wk-transition-opaque\" alt=\"Acci\u00f3n educativa para el derecho de asilo (2017)\"><div class=\"wk-overlay-primary wk-position-cover wk-transition-fade\"><div class=\"wk-position-center\"><span class=\"\" wk-overlay-icon><\/span><\/div><\/div><a class=\"wk-position-cover\" href=\"https:\/\/recercapau.org\/es\/accion-educativa-para-el-derecho-de-asilo\/\" title=\"https:\/\/recercapau.org\/es\/accion-educativa-para-el-derecho-de-asilo\/\"><\/a><\/div><\/div>\n                    \n                    \n                        \n                                                <h3 class=\"wk-h3 wk-margin-remove-top\">\n\n                                                            <a class=\"wk-link-reset\" href=\"https:\/\/recercapau.org\/es\/accion-educativa-para-el-derecho-de-asilo\/\">Acci\u00f3n educativa para el derecho de asilo (2017)<\/a>\n                            \n                            \n                        <\/h3>\n                        \n                        \n                        \n                        \n                        \n                        \n                    \n                <\/div>\n\n            <\/li>\n\n        \n            <li >\n\n                <div class=\"wk-panel wk-text-center\">\n\n                    \n                    \n                                        <div class=\"wk-text-center wk-margin wk-margin-remove-top\"><div class=\"wk-inline-clip wk-transition-toggle wk-border-rounded\"><img decoding=\"async\" src=\"\/wp-content\/uploads\/2016\/07\/descampados-electronicos-residuos.jpg\" class=\"wk-border-rounded wk-transition-scale-up wk-transition-opaque\" alt=\"Descampados electr\u00f3nicos (2016)\"><div class=\"wk-overlay-primary wk-position-cover wk-transition-fade\"><div class=\"wk-position-center\"><span class=\"\" wk-overlay-icon><\/span><\/div><\/div><a class=\"wk-position-cover\" href=\"https:\/\/recercapau.org\/es\/propuestas-para-el-aula\/descampados-electronicos\/\" title=\"https:\/\/recercapau.org\/es\/propuestas-para-el-aula\/descampados-electronicos\/\"><\/a><\/div><\/div>\n                    \n                    \n                        \n                                                <h3 class=\"wk-h3 wk-margin-remove-top\">\n\n                                                            <a class=\"wk-link-reset\" href=\"https:\/\/recercapau.org\/es\/propuestas-para-el-aula\/descampados-electronicos\/\">Descampados electr\u00f3nicos (2016)<\/a>\n                            \n                            \n                        <\/h3>\n                        \n                        \n                        \n                        \n                        \n                        \n                    \n                <\/div>\n\n            <\/li>\n\n                <\/ul>\n\n        \n    <\/div>\n\n        <div class=\"wk-flex wk-flex-center wk-margin-top\">\n        <a href=\"#\" wk-slidenav-previous wk-slider-item=\"previous\"><\/a>\n        <a href=\"#\" wk-slidenav-next wk-slider-item=\"next\"><\/a>\n    <\/div>\n    \n    \n    \n<\/div>\n<\/div>\n","protected":false},"excerpt":{"rendered":"<p>Otras propuestas para el aula<\/p>\n","protected":false},"author":1,"featured_media":0,"parent":43362,"menu_order":0,"comment_status":"closed","ping_status":"closed","template":"","meta":{"footnotes":""},"class_list":["post-43326","page","type-page","status-publish","hentry"],"_links":{"self":[{"href":"https:\/\/recercapau.org\/es\/wp-json\/wp\/v2\/pages\/43326","targetHints":{"allow":["GET"]}}],"collection":[{"href":"https:\/\/recercapau.org\/es\/wp-json\/wp\/v2\/pages"}],"about":[{"href":"https:\/\/recercapau.org\/es\/wp-json\/wp\/v2\/types\/page"}],"author":[{"embeddable":true,"href":"https:\/\/recercapau.org\/es\/wp-json\/wp\/v2\/users\/1"}],"replies":[{"embeddable":true,"href":"https:\/\/recercapau.org\/es\/wp-json\/wp\/v2\/comments?post=43326"}],"version-history":[{"count":1,"href":"https:\/\/recercapau.org\/es\/wp-json\/wp\/v2\/pages\/43326\/revisions"}],"predecessor-version":[{"id":50518,"href":"https:\/\/recercapau.org\/es\/wp-json\/wp\/v2\/pages\/43326\/revisions\/50518"}],"up":[{"embeddable":true,"href":"https:\/\/recercapau.org\/es\/wp-json\/wp\/v2\/pages\/43362"}],"wp:attachment":[{"href":"https:\/\/recercapau.org\/es\/wp-json\/wp\/v2\/media?parent=43326"}],"curies":[{"name":"wp","href":"https:\/\/api.w.org\/{rel}","templated":true}]}}