{"id":43288,"date":"2014-05-12T11:21:30","date_gmt":"2014-05-12T10:21:30","guid":{"rendered":"https:\/\/recercapau.org\/islamofobia-y-el-papel-de-los-medios-de-comunicacion\/"},"modified":"2024-09-13T07:36:24","modified_gmt":"2024-09-13T06:36:24","slug":"islamofobia-y-el-papel-de-los-medios-de-comunicacion","status":"publish","type":"page","link":"https:\/\/recercapau.org\/es\/islamofobia-y-el-papel-de-los-medios-de-comunicacion\/","title":{"rendered":"Islamofobia y el papel de los medios de comunicaci\u00f3n"},"content":{"rendered":"<p style=\"text-align: justify;\"><strong>Tener dos art\u00edculos sobre la misma noticia nos puede facilitar el trabajo sobre los medios de comunicaci\u00f3n que permitir\u00e1 avanzar en la formaci\u00f3n de una actitud m\u00e1s anal\u00edtica.<\/strong><\/p>\n<p style=\"text-align: center;\"><a href=\"http:\/\/www.portalpaula.org\/wp-content\/uploads\/2014\/05\/news.jpg\"><img decoding=\"async\" class=\"size-full wp-image-3499 aligncenter\" src=\"http:\/\/www.portalpaula.org\/wp-content\/uploads\/2014\/05\/news.jpg\" alt=\"news\" width=\"99\" height=\"73\" \/><\/a><a href=\"http:\/\/elpais.com\/diario\/2006\/02\/14\/internacional\/1139871603_850215.html\">La UE organiza giras diplom\u00e1ticas para rebajar la tensi\u00f3n con los musulmanes<\/a>. Ricardo M. De Rituerto\/Jos\u00e9 Comas \/ EL PA\u00cdS &#8211; Internacional &#8211; \/ 14-02-2006<\/p>\n<p style=\"text-align: center;\"><a href=\"http:\/\/www.portalpaula.org\/wp-content\/uploads\/2014\/05\/news.jpg\"><img decoding=\"async\" class=\"size-full wp-image-3499 aligncenter\" src=\"http:\/\/www.portalpaula.org\/wp-content\/uploads\/2014\/05\/news.jpg\" alt=\"news\" width=\"99\" height=\"73\" \/><\/a><\/p>\n<p style=\"text-align: center;\">Ira musulmana por una s\u00e1tira \/\/ La diplomacia. Kim Amor \/ Joan Ca\u00f1ete \/ EL PERI\u00d3DICO \/ 14-02-2006<\/p>\n<h3 style=\"text-align: justify;\"><strong><span style=\"color: #ff6600;\">Sugerencia para trabajar en el aula<\/span><\/strong><\/h3>\n<p style=\"text-align: justify;\">Puede ser interesante organizar grupos para trabajar de diferente manera y poder comparar y analizar los resultados. Unos grupos trabajar\u00e1n con una de las dos noticias y otros con las dos noticias a la vez.<\/p>\n<p style=\"text-align: justify;\">Primero es necesario poner en com\u00fan los acontecimientos sucedidos con anterioridad y que dan pie a la noticia que van a leer, es decir, situar la noticia que se propone trabajar partiendo de lo que el alumnado sabe. En esta actividad es interesante hacerles reflexionar sobre la fuente o fuentes de su informaci\u00f3n.<\/p>\n<p style=\"text-align: justify;\">Tras una primera lectura de la noticia, se propone que escriban dos frases explicando el impacto que les ha causado y la idea general que les ha transmitido.<\/p>\n<p style=\"text-align: justify;\">Acto seguido pasar\u00e1n a elaborar un escrito siguiendo la <a target=\"_blank\" rel=\"noopener\">ficha de an\u00e1lisis<\/a> para, finalmente, exponer el trabajo realizado al resto de compa\u00f1eros y, como hemos dicho, compararlos y analizar los diferentes matices<\/p>\n<p style=\"text-align: justify;\"><strong>Para saber m\u00e1s:<\/strong><\/p>\n<p style=\"text-align: justify;\"><a href=\"http:\/\/www.rebelion.org\/noticia.php?id=26874\">Islamofobia y libertades<\/a><\/p>\n<p style=\"text-align: justify;\"><a href=\"http:\/\/elpais.com\/diario\/2006\/01\/25\/opinion\/1138143610_850215.html\">Palestina i el joc de la manipulaci\u00f3<\/a>. Gema Mart\u00edn Mu\u00f1oz \u00e9s professora de Sociologia del M\u00f3n \u00c0rab i Isl\u00e0mic de la Universitat Aut\u00f2noma de Madrid<\/p>\n<p style=\"text-align: justify;\"><a href=\"http:\/\/polisfmires.blogspot.com.es\/2013\/09\/fernando-mires-la-demonizacion-del-islam.html\">La demonizaci\u00f3n del Islam<\/a><\/p>\n<p style=\"text-align: justify;\"><a href=\"http:\/\/www.eduteka.org\/modulos\/2\/232\/\">Alfabetismo en medios<\/a><\/p>\n<p style=\"text-align: center;\">\n","protected":false},"excerpt":{"rendered":"<p>Tener dos art\u00edculos sobre la misma noticia nos puede facilitar<\/p>\n","protected":false},"author":1,"featured_media":0,"parent":0,"menu_order":0,"comment_status":"closed","ping_status":"closed","template":"","meta":{"footnotes":""},"class_list":["post-43288","page","type-page","status-publish","hentry"],"_links":{"self":[{"href":"https:\/\/recercapau.org\/es\/wp-json\/wp\/v2\/pages\/43288","targetHints":{"allow":["GET"]}}],"collection":[{"href":"https:\/\/recercapau.org\/es\/wp-json\/wp\/v2\/pages"}],"about":[{"href":"https:\/\/recercapau.org\/es\/wp-json\/wp\/v2\/types\/page"}],"author":[{"embeddable":true,"href":"https:\/\/recercapau.org\/es\/wp-json\/wp\/v2\/users\/1"}],"replies":[{"embeddable":true,"href":"https:\/\/recercapau.org\/es\/wp-json\/wp\/v2\/comments?post=43288"}],"version-history":[{"count":1,"href":"https:\/\/recercapau.org\/es\/wp-json\/wp\/v2\/pages\/43288\/revisions"}],"predecessor-version":[{"id":50445,"href":"https:\/\/recercapau.org\/es\/wp-json\/wp\/v2\/pages\/43288\/revisions\/50445"}],"wp:attachment":[{"href":"https:\/\/recercapau.org\/es\/wp-json\/wp\/v2\/media?parent=43288"}],"curies":[{"name":"wp","href":"https:\/\/api.w.org\/{rel}","templated":true}]}}